{"id":179,"date":"2022-10-31T19:43:56","date_gmt":"2022-10-31T18:43:56","guid":{"rendered":"https:\/\/callodeco.fr\/?page_id=179"},"modified":"2022-11-01T08:55:55","modified_gmt":"2022-11-01T07:55:55","slug":"enduits-de-terre-argilus","status":"publish","type":"page","link":"https:\/\/callodeco.fr\/index.php\/materiaux\/enduits-fins\/enduits-de-terre-argilus\/","title":{"rendered":"Enduits de terre Argilus"},"content":{"rendered":"\n<p>L&rsquo;argile va assainir votre int\u00e9rieur et ses teintes naturelles vous apaiser. Enti\u00e8rement compos\u00e9 de mat\u00e9riaux \u00e9cologiques, \u00e0 base de sable de Vend\u00e9e, de fibre de paille de bl\u00e9 et de cellulose, cet enduit de terre est parfaitement sain pour l&rsquo;habitat. Ce m\u00e9lange d&rsquo;argile et de de sable est plus r\u00e9sistant que les enduits chimiques traditionnels.<\/p>\n\n\n<div class=\"wp-block-image\">\n<figure class=\"aligncenter size-full\"><img fetchpriority=\"high\" decoding=\"async\" width=\"600\" height=\"415\" src=\"https:\/\/callodeco.fr\/wp-content\/uploads\/2022\/10\/image-2.png\" alt=\"Enduits de terre Argilus\" class=\"wp-image-180\" srcset=\"https:\/\/callodeco.fr\/wp-content\/uploads\/2022\/10\/image-2.png 600w, https:\/\/callodeco.fr\/wp-content\/uploads\/2022\/10\/image-2-300x208.png 300w\" sizes=\"(max-width: 600px) 100vw, 600px\" \/><\/figure>\n<\/div>\n\n<div class=\"wp-block-image\">\n<figure class=\"aligncenter size-full\"><img decoding=\"async\" width=\"155\" height=\"233\" src=\"https:\/\/callodeco.fr\/wp-content\/uploads\/2022\/10\/image-3.png\" alt=\"Enduits de terre Argilus \" class=\"wp-image-181\"\/><\/figure>\n<\/div>\n\n\n<p><\/p>\n","protected":false},"excerpt":{"rendered":"<p>L&rsquo;argile va assainir votre int\u00e9rieur et ses teintes naturelles vous apaiser. Enti\u00e8rement compos\u00e9 de mat\u00e9riaux \u00e9cologiques, \u00e0 base de sable de Vend\u00e9e, de fibre de paille de bl\u00e9 et de cellulose, cet enduit de terre est parfaitement sain pour l&rsquo;habitat. Ce m\u00e9lange d&rsquo;argile et de de sable est plus r\u00e9sistant que les enduits chimiques traditionnels.<\/p>\n","protected":false},"author":1,"featured_media":0,"parent":164,"menu_order":2,"comment_status":"closed","ping_status":"closed","template":"","meta":{"footnotes":""},"class_list":["post-179","page","type-page","status-publish","hentry"],"yoast_head":"<!-- This site is optimized with the Yoast SEO plugin v26.9 - https:\/\/yoast.com\/product\/yoast-seo-wordpress\/ -->\n<title>Enduits de terre Argilus - Callo D\u00e9co<\/title>\n<meta name=\"robots\" content=\"index, follow, max-snippet:-1, max-image-preview:large, max-video-preview:-1\" \/>\n<link rel=\"canonical\" href=\"https:\/\/callodeco.fr\/index.php\/materiaux\/enduits-fins\/enduits-de-terre-argilus\/\" \/>\n<meta property=\"og:locale\" content=\"fr_FR\" \/>\n<meta property=\"og:type\" content=\"article\" \/>\n<meta property=\"og:title\" content=\"Enduits de terre Argilus - Callo D\u00e9co\" \/>\n<meta property=\"og:description\" content=\"L&rsquo;argile va assainir votre int\u00e9rieur et ses teintes naturelles vous apaiser. Enti\u00e8rement compos\u00e9 de mat\u00e9riaux \u00e9cologiques, \u00e0 base de sable de Vend\u00e9e, de fibre de paille de bl\u00e9 et de cellulose, cet enduit de terre est parfaitement sain pour l&rsquo;habitat. Ce m\u00e9lange d&rsquo;argile et de de sable est plus r\u00e9sistant que les enduits chimiques traditionnels.\" \/>\n<meta property=\"og:url\" content=\"https:\/\/callodeco.fr\/index.php\/materiaux\/enduits-fins\/enduits-de-terre-argilus\/\" \/>\n<meta property=\"og:site_name\" content=\"Callo D\u00e9co\" \/>\n<meta property=\"article:publisher\" content=\"https:\/\/www.facebook.com\/profile.php?id=100086660282281\" \/>\n<meta property=\"article:modified_time\" content=\"2022-11-01T07:55:55+00:00\" \/>\n<meta property=\"og:image\" content=\"https:\/\/callodeco.fr\/wp-content\/uploads\/2022\/10\/image-2.png\" \/>\n<meta name=\"twitter:card\" content=\"summary_large_image\" \/>\n<meta name=\"twitter:label1\" content=\"Dur\u00e9e de lecture estim\u00e9e\" \/>\n\t<meta name=\"twitter:data1\" content=\"1 minute\" \/>\n<script type=\"application\/ld+json\" class=\"yoast-schema-graph\">{\"@context\":\"https:\/\/schema.org\",\"@graph\":[{\"@type\":\"WebPage\",\"@id\":\"https:\/\/callodeco.fr\/index.php\/materiaux\/enduits-fins\/enduits-de-terre-argilus\/\",\"url\":\"https:\/\/callodeco.fr\/index.php\/materiaux\/enduits-fins\/enduits-de-terre-argilus\/\",\"name\":\"Enduits de terre Argilus - Callo D\u00e9co\",\"isPartOf\":{\"@id\":\"https:\/\/callodeco.fr\/#website\"},\"primaryImageOfPage\":{\"@id\":\"https:\/\/callodeco.fr\/index.php\/materiaux\/enduits-fins\/enduits-de-terre-argilus\/#primaryimage\"},\"image\":{\"@id\":\"https:\/\/callodeco.fr\/index.php\/materiaux\/enduits-fins\/enduits-de-terre-argilus\/#primaryimage\"},\"thumbnailUrl\":\"https:\/\/callodeco.fr\/wp-content\/uploads\/2022\/10\/image-2.png\",\"datePublished\":\"2022-10-31T18:43:56+00:00\",\"dateModified\":\"2022-11-01T07:55:55+00:00\",\"breadcrumb\":{\"@id\":\"https:\/\/callodeco.fr\/index.php\/materiaux\/enduits-fins\/enduits-de-terre-argilus\/#breadcrumb\"},\"inLanguage\":\"fr-FR\",\"potentialAction\":[{\"@type\":\"ReadAction\",\"target\":[\"https:\/\/callodeco.fr\/index.php\/materiaux\/enduits-fins\/enduits-de-terre-argilus\/\"]}]},{\"@type\":\"ImageObject\",\"inLanguage\":\"fr-FR\",\"@id\":\"https:\/\/callodeco.fr\/index.php\/materiaux\/enduits-fins\/enduits-de-terre-argilus\/#primaryimage\",\"url\":\"https:\/\/callodeco.fr\/wp-content\/uploads\/2022\/10\/image-2.png\",\"contentUrl\":\"https:\/\/callodeco.fr\/wp-content\/uploads\/2022\/10\/image-2.png\",\"width\":600,\"height\":415},{\"@type\":\"BreadcrumbList\",\"@id\":\"https:\/\/callodeco.fr\/index.php\/materiaux\/enduits-fins\/enduits-de-terre-argilus\/#breadcrumb\",\"itemListElement\":[{\"@type\":\"ListItem\",\"position\":1,\"name\":\"Accueil\",\"item\":\"https:\/\/callodeco.fr\/\"},{\"@type\":\"ListItem\",\"position\":2,\"name\":\"Mat\u00e9riaux\",\"item\":\"https:\/\/callodeco.fr\/index.php\/materiaux\/\"},{\"@type\":\"ListItem\",\"position\":3,\"name\":\"Enduits D\u00e9coratifs\",\"item\":\"https:\/\/callodeco.fr\/index.php\/materiaux\/enduits-fins\/\"},{\"@type\":\"ListItem\",\"position\":4,\"name\":\"Enduits de terre Argilus\"}]},{\"@type\":\"WebSite\",\"@id\":\"https:\/\/callodeco.fr\/#website\",\"url\":\"https:\/\/callodeco.fr\/\",\"name\":\"Callo D\u00e9co\",\"description\":\"\",\"publisher\":{\"@id\":\"https:\/\/callodeco.fr\/#organization\"},\"potentialAction\":[{\"@type\":\"SearchAction\",\"target\":{\"@type\":\"EntryPoint\",\"urlTemplate\":\"https:\/\/callodeco.fr\/?s={search_term_string}\"},\"query-input\":{\"@type\":\"PropertyValueSpecification\",\"valueRequired\":true,\"valueName\":\"search_term_string\"}}],\"inLanguage\":\"fr-FR\"},{\"@type\":\"Organization\",\"@id\":\"https:\/\/callodeco.fr\/#organization\",\"name\":\"Callo D\u00e9co\",\"url\":\"https:\/\/callodeco.fr\/\",\"logo\":{\"@type\":\"ImageObject\",\"inLanguage\":\"fr-FR\",\"@id\":\"https:\/\/callodeco.fr\/#\/schema\/logo\/image\/\",\"url\":\"https:\/\/callodeco.fr\/wp-content\/uploads\/2022\/10\/cropped-logo.png\",\"contentUrl\":\"https:\/\/callodeco.fr\/wp-content\/uploads\/2022\/10\/cropped-logo.png\",\"width\":240,\"height\":120,\"caption\":\"Callo D\u00e9co\"},\"image\":{\"@id\":\"https:\/\/callodeco.fr\/#\/schema\/logo\/image\/\"},\"sameAs\":[\"https:\/\/www.facebook.com\/profile.php?id=100086660282281\"]}]}<\/script>\n<!-- \/ Yoast SEO plugin. -->","yoast_head_json":{"title":"Enduits de terre Argilus - Callo D\u00e9co","robots":{"index":"index","follow":"follow","max-snippet":"max-snippet:-1","max-image-preview":"max-image-preview:large","max-video-preview":"max-video-preview:-1"},"canonical":"https:\/\/callodeco.fr\/index.php\/materiaux\/enduits-fins\/enduits-de-terre-argilus\/","og_locale":"fr_FR","og_type":"article","og_title":"Enduits de terre Argilus - Callo D\u00e9co","og_description":"L&rsquo;argile va assainir votre int\u00e9rieur et ses teintes naturelles vous apaiser. Enti\u00e8rement compos\u00e9 de mat\u00e9riaux \u00e9cologiques, \u00e0 base de sable de Vend\u00e9e, de fibre de paille de bl\u00e9 et de cellulose, cet enduit de terre est parfaitement sain pour l&rsquo;habitat. Ce m\u00e9lange d&rsquo;argile et de de sable est plus r\u00e9sistant que les enduits chimiques traditionnels.","og_url":"https:\/\/callodeco.fr\/index.php\/materiaux\/enduits-fins\/enduits-de-terre-argilus\/","og_site_name":"Callo D\u00e9co","article_publisher":"https:\/\/www.facebook.com\/profile.php?id=100086660282281","article_modified_time":"2022-11-01T07:55:55+00:00","og_image":[{"url":"https:\/\/callodeco.fr\/wp-content\/uploads\/2022\/10\/image-2.png","type":"","width":"","height":""}],"twitter_card":"summary_large_image","twitter_misc":{"Dur\u00e9e de lecture estim\u00e9e":"1 minute"},"schema":{"@context":"https:\/\/schema.org","@graph":[{"@type":"WebPage","@id":"https:\/\/callodeco.fr\/index.php\/materiaux\/enduits-fins\/enduits-de-terre-argilus\/","url":"https:\/\/callodeco.fr\/index.php\/materiaux\/enduits-fins\/enduits-de-terre-argilus\/","name":"Enduits de terre Argilus - Callo D\u00e9co","isPartOf":{"@id":"https:\/\/callodeco.fr\/#website"},"primaryImageOfPage":{"@id":"https:\/\/callodeco.fr\/index.php\/materiaux\/enduits-fins\/enduits-de-terre-argilus\/#primaryimage"},"image":{"@id":"https:\/\/callodeco.fr\/index.php\/materiaux\/enduits-fins\/enduits-de-terre-argilus\/#primaryimage"},"thumbnailUrl":"https:\/\/callodeco.fr\/wp-content\/uploads\/2022\/10\/image-2.png","datePublished":"2022-10-31T18:43:56+00:00","dateModified":"2022-11-01T07:55:55+00:00","breadcrumb":{"@id":"https:\/\/callodeco.fr\/index.php\/materiaux\/enduits-fins\/enduits-de-terre-argilus\/#breadcrumb"},"inLanguage":"fr-FR","potentialAction":[{"@type":"ReadAction","target":["https:\/\/callodeco.fr\/index.php\/materiaux\/enduits-fins\/enduits-de-terre-argilus\/"]}]},{"@type":"ImageObject","inLanguage":"fr-FR","@id":"https:\/\/callodeco.fr\/index.php\/materiaux\/enduits-fins\/enduits-de-terre-argilus\/#primaryimage","url":"https:\/\/callodeco.fr\/wp-content\/uploads\/2022\/10\/image-2.png","contentUrl":"https:\/\/callodeco.fr\/wp-content\/uploads\/2022\/10\/image-2.png","width":600,"height":415},{"@type":"BreadcrumbList","@id":"https:\/\/callodeco.fr\/index.php\/materiaux\/enduits-fins\/enduits-de-terre-argilus\/#breadcrumb","itemListElement":[{"@type":"ListItem","position":1,"name":"Accueil","item":"https:\/\/callodeco.fr\/"},{"@type":"ListItem","position":2,"name":"Mat\u00e9riaux","item":"https:\/\/callodeco.fr\/index.php\/materiaux\/"},{"@type":"ListItem","position":3,"name":"Enduits D\u00e9coratifs","item":"https:\/\/callodeco.fr\/index.php\/materiaux\/enduits-fins\/"},{"@type":"ListItem","position":4,"name":"Enduits de terre Argilus"}]},{"@type":"WebSite","@id":"https:\/\/callodeco.fr\/#website","url":"https:\/\/callodeco.fr\/","name":"Callo D\u00e9co","description":"","publisher":{"@id":"https:\/\/callodeco.fr\/#organization"},"potentialAction":[{"@type":"SearchAction","target":{"@type":"EntryPoint","urlTemplate":"https:\/\/callodeco.fr\/?s={search_term_string}"},"query-input":{"@type":"PropertyValueSpecification","valueRequired":true,"valueName":"search_term_string"}}],"inLanguage":"fr-FR"},{"@type":"Organization","@id":"https:\/\/callodeco.fr\/#organization","name":"Callo D\u00e9co","url":"https:\/\/callodeco.fr\/","logo":{"@type":"ImageObject","inLanguage":"fr-FR","@id":"https:\/\/callodeco.fr\/#\/schema\/logo\/image\/","url":"https:\/\/callodeco.fr\/wp-content\/uploads\/2022\/10\/cropped-logo.png","contentUrl":"https:\/\/callodeco.fr\/wp-content\/uploads\/2022\/10\/cropped-logo.png","width":240,"height":120,"caption":"Callo D\u00e9co"},"image":{"@id":"https:\/\/callodeco.fr\/#\/schema\/logo\/image\/"},"sameAs":["https:\/\/www.facebook.com\/profile.php?id=100086660282281"]}]}},"_links":{"self":[{"href":"https:\/\/callodeco.fr\/index.php\/wp-json\/wp\/v2\/pages\/179","targetHints":{"allow":["GET"]}}],"collection":[{"href":"https:\/\/callodeco.fr\/index.php\/wp-json\/wp\/v2\/pages"}],"about":[{"href":"https:\/\/callodeco.fr\/index.php\/wp-json\/wp\/v2\/types\/page"}],"author":[{"embeddable":true,"href":"https:\/\/callodeco.fr\/index.php\/wp-json\/wp\/v2\/users\/1"}],"replies":[{"embeddable":true,"href":"https:\/\/callodeco.fr\/index.php\/wp-json\/wp\/v2\/comments?post=179"}],"version-history":[{"count":3,"href":"https:\/\/callodeco.fr\/index.php\/wp-json\/wp\/v2\/pages\/179\/revisions"}],"predecessor-version":[{"id":202,"href":"https:\/\/callodeco.fr\/index.php\/wp-json\/wp\/v2\/pages\/179\/revisions\/202"}],"up":[{"embeddable":true,"href":"https:\/\/callodeco.fr\/index.php\/wp-json\/wp\/v2\/pages\/164"}],"wp:attachment":[{"href":"https:\/\/callodeco.fr\/index.php\/wp-json\/wp\/v2\/media?parent=179"}],"curies":[{"name":"wp","href":"https:\/\/api.w.org\/{rel}","templated":true}]}}